{"id":169,"date":"2023-05-29T07:18:46","date_gmt":"2023-05-29T07:18:46","guid":{"rendered":"https:\/\/institutocompliance.com\/informante\/?page_id=169"},"modified":"2023-10-16T09:38:30","modified_gmt":"2023-10-16T09:38:30","slug":"pjo","status":"publish","type":"page","link":"https:\/\/institutocompliance.com\/informante\/pjo\/","title":{"rendered":"Pjo"},"content":{"rendered":"\t\t<div data-elementor-type=\"wp-page\" data-elementor-id=\"169\" class=\"elementor elementor-169\">\n\t\t\t\t\t\t<section class=\"elementor-section elementor-top-section elementor-element elementor-element-8d7cfab elementor-section-full_width elementor-section-stretched elementor-section-height-default elementor-section-height-default\" data-id=\"8d7cfab\" data-element_type=\"section\" data-e-type=\"section\" data-settings=\"{&quot;stretch_section&quot;:&quot;section-stretched&quot;}\">\n\t\t\t\t\t\t<div class=\"elementor-container elementor-column-gap-no\">\n\t\t\t\t\t<div class=\"elementor-column elementor-col-100 elementor-top-column elementor-element elementor-element-9307394\" data-id=\"9307394\" data-element_type=\"column\" data-e-type=\"column\">\n\t\t\t<div class=\"elementor-widget-wrap elementor-element-populated\">\n\t\t\t\t\t\t<div class=\"elementor-element elementor-element-195b900 elementor-widget elementor-widget-image\" data-id=\"195b900\" data-element_type=\"widget\" data-e-type=\"widget\" data-widget_type=\"image.default\">\n\t\t\t\t<div class=\"elementor-widget-container\">\n\t\t\t\t\t\t\t\t\t\t\t\t\t\t\t<img fetchpriority=\"high\" decoding=\"async\" width=\"1920\" height=\"300\" src=\"https:\/\/institutocompliance.com\/informante\/wp-content\/uploads\/2023\/06\/cabecera-informante.jpg\" class=\"attachment-full size-full wp-image-189\" alt=\"\" srcset=\"https:\/\/institutocompliance.com\/informante\/wp-content\/uploads\/2023\/06\/cabecera-informante.jpg 1920w, https:\/\/institutocompliance.com\/informante\/wp-content\/uploads\/2023\/06\/cabecera-informante-300x47.jpg 300w, https:\/\/institutocompliance.com\/informante\/wp-content\/uploads\/2023\/06\/cabecera-informante-1024x160.jpg 1024w, https:\/\/institutocompliance.com\/informante\/wp-content\/uploads\/2023\/06\/cabecera-informante-768x120.jpg 768w, https:\/\/institutocompliance.com\/informante\/wp-content\/uploads\/2023\/06\/cabecera-informante-1536x240.jpg 1536w\" sizes=\"(max-width: 1920px) 100vw, 1920px\" \/>\t\t\t\t\t\t\t\t\t\t\t\t\t\t\t<\/div>\n\t\t\t\t<\/div>\n\t\t\t\t\t<\/div>\n\t\t<\/div>\n\t\t\t\t\t<\/div>\n\t\t<\/section>\n\t\t\t\t<section class=\"elementor-section elementor-top-section elementor-element elementor-element-835904c elementor-section-boxed elementor-section-height-default elementor-section-height-default\" data-id=\"835904c\" data-element_type=\"section\" data-e-type=\"section\">\n\t\t\t\t\t\t<div class=\"elementor-container elementor-column-gap-default\">\n\t\t\t\t\t<div class=\"elementor-column elementor-col-50 elementor-top-column elementor-element elementor-element-98d5ebb\" data-id=\"98d5ebb\" data-element_type=\"column\" data-e-type=\"column\">\n\t\t\t<div class=\"elementor-widget-wrap elementor-element-populated\">\n\t\t\t\t\t\t<div class=\"elementor-element elementor-element-6e836c5 elementor-widget elementor-widget-heading\" data-id=\"6e836c5\" data-element_type=\"widget\" data-e-type=\"widget\" data-widget_type=\"heading.default\">\n\t\t\t\t<div class=\"elementor-widget-container\">\n\t\t\t\t\t<h1 class=\"elementor-heading-title elementor-size-default\">CANAL DEL INFORMANTE PATRONATO DE LA JUVENTUD OBRERA<\/h1>\t\t\t\t<\/div>\n\t\t\t\t<\/div>\n\t\t\t\t\t<\/div>\n\t\t<\/div>\n\t\t\t\t<div class=\"elementor-column elementor-col-50 elementor-top-column elementor-element elementor-element-c319198\" data-id=\"c319198\" data-element_type=\"column\" data-e-type=\"column\">\n\t\t\t<div class=\"elementor-widget-wrap elementor-element-populated\">\n\t\t\t\t\t\t<div class=\"elementor-element elementor-element-9a730f7 elementor-widget elementor-widget-image\" data-id=\"9a730f7\" data-element_type=\"widget\" data-e-type=\"widget\" data-widget_type=\"image.default\">\n\t\t\t\t<div class=\"elementor-widget-container\">\n\t\t\t\t\t\t\t\t\t\t\t\t\t\t\t<img decoding=\"async\" width=\"403\" height=\"406\" src=\"https:\/\/institutocompliance.com\/informante\/wp-content\/uploads\/2023\/05\/patronato-juventud-obrera.png\" class=\"attachment-full size-full wp-image-171\" alt=\"\" srcset=\"https:\/\/institutocompliance.com\/informante\/wp-content\/uploads\/2023\/05\/patronato-juventud-obrera.png 403w, https:\/\/institutocompliance.com\/informante\/wp-content\/uploads\/2023\/05\/patronato-juventud-obrera-298x300.png 298w, https:\/\/institutocompliance.com\/informante\/wp-content\/uploads\/2023\/05\/patronato-juventud-obrera-150x150.png 150w\" sizes=\"(max-width: 403px) 100vw, 403px\" \/>\t\t\t\t\t\t\t\t\t\t\t\t\t\t\t<\/div>\n\t\t\t\t<\/div>\n\t\t\t\t\t<\/div>\n\t\t<\/div>\n\t\t\t\t\t<\/div>\n\t\t<\/section>\n\t\t\t\t<section class=\"elementor-section elementor-top-section elementor-element elementor-element-9ecb1f4 elementor-section-boxed elementor-section-height-default elementor-section-height-default\" data-id=\"9ecb1f4\" data-element_type=\"section\" data-e-type=\"section\">\n\t\t\t\t\t\t<div class=\"elementor-container elementor-column-gap-default\">\n\t\t\t\t\t<div class=\"elementor-column elementor-col-100 elementor-top-column elementor-element elementor-element-67935c0\" data-id=\"67935c0\" data-element_type=\"column\" data-e-type=\"column\">\n\t\t\t<div class=\"elementor-widget-wrap elementor-element-populated\">\n\t\t\t\t\t\t<div class=\"elementor-element elementor-element-73af4af elementor-widget elementor-widget-spacer\" data-id=\"73af4af\" data-element_type=\"widget\" data-e-type=\"widget\" data-widget_type=\"spacer.default\">\n\t\t\t\t<div class=\"elementor-widget-container\">\n\t\t\t\t\t\t\t<div class=\"elementor-spacer\">\n\t\t\t<div class=\"elementor-spacer-inner\"><\/div>\n\t\t<\/div>\n\t\t\t\t\t\t<\/div>\n\t\t\t\t<\/div>\n\t\t\t\t<div class=\"elementor-element elementor-element-ac8b4ea elementor-widget elementor-widget-text-editor\" data-id=\"ac8b4ea\" data-element_type=\"widget\" data-e-type=\"widget\" data-widget_type=\"text-editor.default\">\n\t\t\t\t<div class=\"elementor-widget-container\">\n\t\t\t\t\t\t\t\t\t<p>El presente <strong>Canal del Informante<\/strong> se encuentra dentro del Sistema interno de Informaci\u00f3n del\u00a0<strong>PATRONATO DE LA JUVENTUD OBRERA<\/strong>, cumpliendo las exigencias de la Ley 2\/2023, de 20 de febrero, reguladora de la protecci\u00f3n de las personas que informen sobre infracciones normativas y de lucha contra la corrupci\u00f3n.<\/p><p>Este Canal es de gesti\u00f3n externa y la realiza el <a href=\"https:\/\/institutocompliance.com\/informante\/\"><span style=\"text-decoration: underline;\">Instituto Valenciano de Compliance (IVC)<\/span><\/a> respetando las garant\u00edas adecuadas que la Ley exige de: independencia, confidencialidad, protecci\u00f3n de datos y secreto de las comunicaciones.<\/p><p>As\u00ed pues, el <em>Canal del Informante<\/em> ser\u00e1 utilizado por cualquier persona para comunicar, de manera confidencial o an\u00f3nima, hechos o conductas irregulares en los que haya intervenido, directa o indirectamente, cualquier empleado, proveedor, colaborador, \u2026 y que sean o puedan ser constitutivas de incumplimientos legales, normativos o \u00e9ticos.<\/p><p>Las personas que utilicen este Canal deben tener indicios razonables o suficientes sobre la certeza de la informaci\u00f3n que comuniquen, no pudiendo formularse comunicaciones gen\u00e9ricas, de mala fe o con abuso de derecho. Se utilizar\u00e1 el Formulario de Comunicaci\u00f3n que se pone a disposici\u00f3n de la persona informante a trav\u00e9s de esta plataforma como el canal id\u00f3neo por su facilidad de comunicaci\u00f3n confidencial o an\u00f3nima y la posibilidad de adjuntar pruebas, documentos, fotograf\u00edas, \u2026<\/p><p>Seg\u00fan el protocolo del Sistema de Informaci\u00f3n, NO ser\u00e1n objeto de gesti\u00f3n por el IVC y ser\u00e1n declaradas inadmitidas las siguientes comunicaciones:<\/p><ul><li>Las comunicaciones \u201cnotoriamente falsas\u201d o \u201cmaliciosas\u201d.<\/li><li>Las comunicaciones que no identifiquen adecuadamente los hechos denunciados o las personas implicadas.<\/li><li>Aquellas comunicaciones que aporten hechos privados y que no entren dentro del \u00e1mbito de aplicaci\u00f3n de este Canal del Informante.<\/li><\/ul><p>Al aceptar estas Condiciones de Utilizaci\u00f3n, presto mi consentimiento para que la informaci\u00f3n facilitada sea tratada por el IVC para las acciones de gesti\u00f3n necesarias.<\/p><p>La persona informante tiene derecho a la protecci\u00f3n eficaz de su integridad laboral, sin represalias, ni discriminaci\u00f3n por raz\u00f3n de la comunicaci\u00f3n realizada, y a ser informada sobre el resultado de la investigaci\u00f3n y de las acciones tomadas al respecto.<\/p><p><a href=\"https:\/\/institutocompliance.com\/informante\/wp-content\/uploads\/2023\/10\/p2023-11-PROTOCOLO-CANAL-INFORMANTE-PJO.pdf\">*AQU\u00cd, se puede encontrar el \u201cProtocolo del Canal del Informante de PATRONATO DE LA JUVENTUD OBRERA\u201d<\/a><\/p>\t\t\t\t\t\t\t\t<\/div>\n\t\t\t\t<\/div>\n\t\t\t\t<div class=\"elementor-element elementor-element-cf8a978 elementor-align-center elementor-widget elementor-widget-button\" data-id=\"cf8a978\" data-element_type=\"widget\" data-e-type=\"widget\" data-widget_type=\"button.default\">\n\t\t\t\t<div class=\"elementor-widget-container\">\n\t\t\t\t\t\t\t\t\t<div class=\"elementor-button-wrapper\">\n\t\t\t\t\t<a class=\"elementor-button elementor-button-link elementor-size-lg\" href=\"https:\/\/informante.institutocompliance.com\/#\/\">\n\t\t\t\t\t\t<span class=\"elementor-button-content-wrapper\">\n\t\t\t\t\t\t\t\t\t<span class=\"elementor-button-text\">ACCEDER AL CANAL<\/span>\n\t\t\t\t\t<\/span>\n\t\t\t\t\t<\/a>\n\t\t\t\t<\/div>\n\t\t\t\t\t\t\t\t<\/div>\n\t\t\t\t<\/div>\n\t\t\t\t\t<\/div>\n\t\t<\/div>\n\t\t\t\t\t<\/div>\n\t\t<\/section>\n\t\t\t\t<\/div>\n\t\t","protected":false},"excerpt":{"rendered":"<p>CANAL DEL INFORMANTE PATRONATO DE LA JUVENTUD OBRERA El presente Canal del Informante se encuentra dentro del Sistema interno de Informaci\u00f3n del\u00a0PATRONATO DE LA JUVENTUD OBRERA, cumpliendo las exigencias de la Ley 2\/2023, de 20 de febrero, reguladora de la protecci\u00f3n de las personas que informen sobre infracciones normativas y de lucha contra la corrupci\u00f3n. Este Canal es de gesti\u00f3n externa y la realiza el Instituto Valenciano de Compliance (IVC)<\/p>\n<div class=\"post-button\">\n\t\t\t\t   <a href=\"https:\/\/institutocompliance.com\/informante\/pjo\/\">Read More<\/a>\n\t\t\t\t<\/div>\n","protected":false},"author":1,"featured_media":0,"parent":0,"menu_order":0,"comment_status":"closed","ping_status":"closed","template":"elementor_header_footer","meta":{"footnotes":""},"class_list":["post-169","page","type-page","status-publish","hentry"],"_links":{"self":[{"href":"https:\/\/institutocompliance.com\/informante\/wp-json\/wp\/v2\/pages\/169","targetHints":{"allow":["GET"]}}],"collection":[{"href":"https:\/\/institutocompliance.com\/informante\/wp-json\/wp\/v2\/pages"}],"about":[{"href":"https:\/\/institutocompliance.com\/informante\/wp-json\/wp\/v2\/types\/page"}],"author":[{"embeddable":true,"href":"https:\/\/institutocompliance.com\/informante\/wp-json\/wp\/v2\/users\/1"}],"replies":[{"embeddable":true,"href":"https:\/\/institutocompliance.com\/informante\/wp-json\/wp\/v2\/comments?post=169"}],"version-history":[{"count":30,"href":"https:\/\/institutocompliance.com\/informante\/wp-json\/wp\/v2\/pages\/169\/revisions"}],"predecessor-version":[{"id":358,"href":"https:\/\/institutocompliance.com\/informante\/wp-json\/wp\/v2\/pages\/169\/revisions\/358"}],"wp:attachment":[{"href":"https:\/\/institutocompliance.com\/informante\/wp-json\/wp\/v2\/media?parent=169"}],"curies":[{"name":"wp","href":"https:\/\/api.w.org\/{rel}","templated":true}]}}