{"id":39,"date":"2023-03-23T10:25:20","date_gmt":"2023-03-23T10:25:20","guid":{"rendered":"https:\/\/institutocompliance.com\/informante\/?page_id=39"},"modified":"2023-03-23T10:47:31","modified_gmt":"2023-03-23T10:47:31","slug":"aviso-legal","status":"publish","type":"page","link":"https:\/\/institutocompliance.com\/informante\/aviso-legal\/","title":{"rendered":"Aviso Legal"},"content":{"rendered":"\t\t<div data-elementor-type=\"wp-page\" data-elementor-id=\"39\" class=\"elementor elementor-39\">\n\t\t\t\t\t\t<section class=\"elementor-section elementor-top-section elementor-element elementor-element-9b73fec elementor-section-boxed elementor-section-height-default elementor-section-height-default\" data-id=\"9b73fec\" data-element_type=\"section\" data-e-type=\"section\">\n\t\t\t\t\t\t<div class=\"elementor-container elementor-column-gap-default\">\n\t\t\t\t\t<div class=\"elementor-column elementor-col-100 elementor-top-column elementor-element elementor-element-5e92a884\" data-id=\"5e92a884\" data-element_type=\"column\" data-e-type=\"column\">\n\t\t\t<div class=\"elementor-widget-wrap elementor-element-populated\">\n\t\t\t\t\t\t<div class=\"elementor-element elementor-element-7d1c177 elementor-widget elementor-widget-heading\" data-id=\"7d1c177\" data-element_type=\"widget\" data-e-type=\"widget\" data-widget_type=\"heading.default\">\n\t\t\t\t<div class=\"elementor-widget-container\">\n\t\t\t\t\t<h1 class=\"elementor-heading-title elementor-size-default\">Aviso Legal<\/h1>\t\t\t\t<\/div>\n\t\t\t\t<\/div>\n\t\t\t\t<div class=\"elementor-element elementor-element-2b753071 elementor-widget elementor-widget-text-editor\" data-id=\"2b753071\" data-element_type=\"widget\" data-e-type=\"widget\" data-widget_type=\"text-editor.default\">\n\t\t\t\t<div class=\"elementor-widget-container\">\n\t\t\t\t\t\t\t\t\t<p><strong>CONDICIONES GENERALES Y USO DEL PORTAL<\/strong><\/p>\n<p><strong>I. Finalidad, objeto y \u00e1mbito de aplicaci\u00f3n <\/strong><\/p>\n<p>Las presentes estipulaciones regulan la contrataci\u00f3n de productos y servicios ofertados y la publicidad dirigida a sus clientes\/usuarios por parte de INSTITUTO VALENCIANO DE COMPLIANCE, S.L. CIF: B-98860026 (en adelante INSTITUTO VALENCIANO COMPLIANCE) que opera a trav\u00e9s de Internet desde la p\u00e1gina web www.institutocompliance.com ofreciendo a sus clientes poner a disposici\u00f3n de terceros informaci\u00f3n sobre sus actividades y poder contactar con \u00e9l, para solicitar informaci\u00f3n adicional. en Valencia . Espa\u00f1a.<\/p>\n<p>Las cl\u00e1usulas que a continuaci\u00f3n se relacionan configuran el contrato marco que todos los usuarios que accedan a la p\u00e1gina www.institutocompliance.com est\u00e1n obligados a conocer y a aceptar. A los efectos \u00fanicamente de las presentes condiciones generales, la expresi\u00f3n \u201cusuario\u201d comprende cualquier internauta que acceda a la p\u00e1gina web www.institutocompliance.com, ya sea directamente, ya sea desde cualquier otro sitio de Internet.<\/p>\n<p>Los servicios ofrecidos en la presente web se regular\u00e1n por las condiciones contenidas en el presente contrato. INSTITUTO VALENCIANO COMPLIANCE se reserva el derecho a modificar, total o parcialmente, estas condiciones generales, siendo de aplicaci\u00f3n las nuevas que acuerde desde el momento de su publicaci\u00f3n en la p\u00e1gina. En cualquier caso, las citadas modificaciones no tendr\u00e1n efectos retroactivos sobre los bienes o servicios ya previamente contratados por los usuarios.<\/p>\n<p>Para garantizar en su integridad los derechos de los consumidores y usuarios de www.institutocompliance.com las presentes Condiciones Generales se establecen de conformidad a lo previsto en la ley espa\u00f1ola, y en particular en la Ley 7\/98 de 13 de abril de Condiciones Generales de la Contrataci\u00f3n, Ley 7\/96 de 15 de enero de Ordenaci\u00f3n del Comercio Minorista, C\u00f3digo Civil, Directiva 2000\/31 CE del Parlamento Europeo y del Consejo de 8 de junio, Ley 34\/2002 de 11 de julio de servicios de la sociedad de la informaci\u00f3n y de comercio electr\u00f3nico, Ley 3\/2014, de 27 de marzo, por la que se modifica el texto refundido de la Ley General para la Defensa de los Consumidores y Usuarios y otras leyes complementarias, aprobado por el Real Decreto Legislativo 1\/2007, de 16 de noviembre (en adelante, LGDCU) y dem\u00e1s leyes aplicables y su normativa de desarrollo.<\/p>\n<p><strong>II.- Identificaci\u00f3n y raz\u00f3n social de la empresa oferente <\/strong><\/p>\n<p>Instituto Valenciano Compliance S.L.<\/p>\n<p>C\/ Cirilo Amor\u00f3s, 82-8 46004, Valencia Valencia<\/p>\n<p>CIF: B-98860026<\/p>\n<p>Es el propietario de la p\u00e1gina web www.institutocompliance.com<\/p>\n<p><strong>III.- Condiciones legales de Prestaci\u00f3n del servicio y responsabilidad Claridad y transparencia en la informaci\u00f3n:<\/strong><\/p>\n<p>INSTITUTO VALENCIANO COMPLIANCE en cumplimiento de lo dispuesto en el art. 10 de la Ley 34\/2002 de 11 de julio, a trav\u00e9s de la p\u00e1gina web www.institutocompliance.com y de las presentes Condiciones Generales, posibilita el acceso por medios electr\u00f3nicos de forma permanente, f\u00e1cil, directa y gratuita a la informaci\u00f3n comprensiva de su raz\u00f3n social (datos fiscales, registrales, domicilio y direcci\u00f3n de comunicaciones), as\u00ed como a los datos del cliente, de acceso exclusivo al mismo, que obren en poder de la empresa. Asimismo, de acuerdo con la antemencionada LGDCU ofrece al cliente tanto la informaci\u00f3n precontractual (ver estas Condiciones Generales as\u00ed como la informaci\u00f3n adicional en los distintos apartados de la web) como la confirmaci\u00f3n de las informaciones exigidas legalmente.<\/p>\n<p><strong> IV.-Condiciones de acceso del usuario\/cliente <\/strong><\/p>\n<p>El usuario de la p\u00e1gina web www.institutocompliance.com tendr\u00e1 derecho al acceso libre y gratuito a la informaci\u00f3n p\u00fablica recogida en la misma, si bien INSTITUTO VALENCIANO COMPLIANCE se reserva el derecho a restringir el acceso a informaci\u00f3n a sus clientes registrados. La informaci\u00f3n p\u00fablica contenida en la p\u00e1gina web www.institutocompliance.com referida tanto a la compa\u00f1\u00eda INSTITUTO VALENCIANO COMPLIANCE como el contenido\u2026 se encuentran protegidas por las disposiciones legales sobre propiedad intelectual e industrial, por lo que no se autoriza la copia, transmisi\u00f3n, cesi\u00f3n, enajenaci\u00f3n o utilizaci\u00f3n por el cliente\/usuario ajenas a la finalidad publicitaria de su publicaci\u00f3n virtual que no cuenten con el consentimiento expreso de INSTITUTO VALENCIANO COMPLIANCE, del titular de las propiedades, en los t\u00e9rminos previstos en el apartado IX sobre Derechos de Propiedad Industrial e Intelectual.<\/p>\n<p><strong>V.- Derechos del cliente<\/strong><\/p>\n<p>Confidencialidad y seguridad de los datos personales del cliente de conformidad con lo establecido en la legislaci\u00f3n espa\u00f1ola vigente sobre protecci\u00f3n de datos. No difusi\u00f3n, transmisi\u00f3n o publicaci\u00f3n de los datos de los clientes sin su expreso consentimiento. No recibir correos electr\u00f3nicos promoci\u00f3nales ni publicitarios en caso de haberlos rechazado. Acceder, rectificar, cancelar y\/o oponerse al tratamiento de los datos personales del cliente que obren en la base de datos de INSTITUTO VALENCIANO COMPLIANCE a petici\u00f3n del cliente, todo ello conforme a lo dispuesto en el apartado sobre Protecci\u00f3n de Datos Personales. Acceder gratuitamente a las secciones abiertas de la p\u00e1gina web www.institutocompliance.com<\/p>\n<p><strong>VI.- Derechos de AVISA \u2013 INSTITUTO VALENCIANO COMPLIANCE<\/strong><\/p>\n<p>Conservar, modificar o suspender su web sin previo aviso. Rechazar el acceso a las herramientas inform\u00e1ticas a clientes en caso de incumplimiento de estas condiciones. Utilizar la informaci\u00f3n publicada en www.institutocompliance.com exclusivamente por el cliente estrictamente dentro de la relaci\u00f3n comercial personal pretendida. Proceder a corregir o enmendar errores humanos o inform\u00e1ticos.<\/p>\n<p><strong>VII.-Derechos de propiedad intelectual e industrial <\/strong><\/p>\n<p>Los derechos relativos a la propiedad industrial e intelectual (a t\u00edtulo enunciativo y no limitativo: marcas, logotipos, textos, fotograf\u00edas, iconos, im\u00e1genes,\u2026, as\u00ed como el dise\u00f1o gr\u00e1fico, c\u00f3digo fuente y dem\u00e1s elementos de software contenidos en la p\u00e1gina Web www.institutocompliance.com son propiedad de INSTITUTO VALENCIANO COMPLIANCE. Por tanto est\u00e1n sujetos a derechos de propiedad intelectual e industrial y protegidos por la legislaci\u00f3n espa\u00f1ola e internacional. Sin la previa autorizaci\u00f3n escrita de forma fehaciente de INSTITUTO VALENCIANO COMPLIANCE no est\u00e1 permitido utilizar, copiar, distribuir, reproducir, transmitir, manipular, as\u00ed como cualquier uso que exceda de una utilizaci\u00f3n normal y necesaria para la visita de la p\u00e1gina y el uso de los servicios ofrecidos. El acceso a los servicios suministrados no supone por parte de INSTITUTO VALENCIANO COMPLIANCE renuncia, transmisi\u00f3n ni cesi\u00f3n total o parcial de los derechos derivados de la propiedad intelectual e industrial, ni atribuye derechos de utilizaci\u00f3n, alteraci\u00f3n, explotaci\u00f3n, reproducci\u00f3n, distribuci\u00f3n o comunicaci\u00f3n p\u00fablica sobre estos contenidos sin la previa y expresa autorizaci\u00f3n por escrito de los respectivos titulares de dichos derechos, sin perjuicio del derecho de visualizaci\u00f3n y obtenci\u00f3n de copia privada de seguridad de tales contenidos, siempre que dicho derecho se ejercite seg\u00fan los principios de buena fe y siempre que se mantenga inalterada la propiedad intelectual e industrial del titular de tales derechos, se utilice sin fines comerciales y exclusivamente para informaci\u00f3n personal del usuario. La responsabilidad derivada del uso de materiales protegidos por los derechos de propiedad intelectual e industrial de terceros contenidos en esta p\u00e1gina de manera il\u00edcita o que transgreda la moralidad, el honor o la intimidad y la buena fe, corresponder\u00e1 exclusivamente al usuario, eximiendo en todo caso a INSTITUTO VALENCIANO COMPLIANCE de cualquier responsabilidad que se derive de tales conductas.<\/p>\n<p><strong>VIII.- Exoneraci\u00f3n de responsabilidad<\/strong><\/p>\n<p>INSTITUTO VALENCIANO COMPLIANCE no responder\u00e1n por las interrupciones que se produzcan en los servicios el\u00e9ctricos o de telecomunicaciones que impidan a los usuarios utilizar los servicios ofrecidos.<\/p>\n<p><strong>IX.- Protecci\u00f3n de datos de car\u00e1cter personal <\/strong><\/p>\n<p>Informaci\u00f3n:<\/p>\n<p>La informaci\u00f3n recibida por INSTITUTO VALENCIANO COMPLIANCE a trav\u00e9s de su p\u00e1gina web ser\u00e1 tratada con la m\u00e1xima confidencialidad. INSTITUTO VALENCIANO COMPLIANCE observar\u00e1 en todo momento las disposiciones vigentes sobre protecci\u00f3n de datos, en particular, la Ley Org\u00e1nica 15\/1999, de 13 de diciembre, de Protecci\u00f3n de Datos de Car\u00e1cter Personal, y adoptar\u00e1 las medidas necesarias para, en relaci\u00f3n a dichos datos, evitar su alteraci\u00f3n, p\u00e9rdida, tratamiento y acceso no autorizados y para que sus empleados observen dichas prescripciones, as\u00ed como el deber de secreto sobre los datos objeto de la protecci\u00f3n y dem\u00e1s obligaciones de confidencialidad vigentes. Asimismo, se compromete a no utilizar los datos personales de los usuarios de la p\u00e1gina para fines distintos ajenos al objeto de la contrataci\u00f3n de los servicios que presta. De acuerdo con la legislaci\u00f3n vigente, INSTITUTO VALENCIANO COMPLIANCE recaba datos de naturaleza personal de sus clientes y los incluye en un fichero de que es titular y cuyo tratamiento est\u00e1 exclusivamente destinado a la finalidad de responder a las consultas que los usuarios puedan formular. La entidad responsable de los ficheros es INSTITUTO VALENCIANO COMPLIANCE .<\/p>\n<p>Seguridad en el tratamiento, proceso inform\u00e1tico y custodia de datos:<\/p>\n<p>INSTITUTO VALENCIANO COMPLIANCE declaran y garantizan que mantienen los niveles de seguridad para la protecci\u00f3n de datos personales conforme dispone la legislaci\u00f3n vigente, y que han establecido todos los medios t\u00e9cnicos a su alcance para evitar la p\u00e9rdida, mal uso, alteraci\u00f3n, acceso no autorizado y robo de los datos facilitados por los usuarios. Todo ello sin perjuicio del hecho, que el usuario expresamente acepta, de que las medidas de seguridad en Internet no son inexpugnables.<\/p>\t\t\t\t\t\t\t\t<\/div>\n\t\t\t\t<\/div>\n\t\t\t\t\t<\/div>\n\t\t<\/div>\n\t\t\t\t\t<\/div>\n\t\t<\/section>\n\t\t\t\t<\/div>\n\t\t","protected":false},"excerpt":{"rendered":"<p>Aviso Legal CONDICIONES GENERALES Y USO DEL PORTAL I. Finalidad, objeto y \u00e1mbito de aplicaci\u00f3n Las presentes estipulaciones regulan la contrataci\u00f3n de productos y servicios ofertados y la publicidad dirigida a sus clientes\/usuarios por parte de INSTITUTO VALENCIANO DE COMPLIANCE, S.L. CIF: B-98860026 (en adelante INSTITUTO VALENCIANO COMPLIANCE) que opera a trav\u00e9s de Internet desde la p\u00e1gina web www.institutocompliance.com ofreciendo a sus clientes poner a disposici\u00f3n de terceros informaci\u00f3n sobre<\/p>\n<div class=\"post-button\">\n\t\t\t\t   <a href=\"https:\/\/institutocompliance.com\/informante\/aviso-legal\/\">Read More<\/a>\n\t\t\t\t<\/div>\n","protected":false},"author":1,"featured_media":0,"parent":0,"menu_order":0,"comment_status":"closed","ping_status":"closed","template":"elementor_header_footer","meta":{"footnotes":""},"class_list":["post-39","page","type-page","status-publish","hentry"],"_links":{"self":[{"href":"https:\/\/institutocompliance.com\/informante\/wp-json\/wp\/v2\/pages\/39","targetHints":{"allow":["GET"]}}],"collection":[{"href":"https:\/\/institutocompliance.com\/informante\/wp-json\/wp\/v2\/pages"}],"about":[{"href":"https:\/\/institutocompliance.com\/informante\/wp-json\/wp\/v2\/types\/page"}],"author":[{"embeddable":true,"href":"https:\/\/institutocompliance.com\/informante\/wp-json\/wp\/v2\/users\/1"}],"replies":[{"embeddable":true,"href":"https:\/\/institutocompliance.com\/informante\/wp-json\/wp\/v2\/comments?post=39"}],"version-history":[{"count":7,"href":"https:\/\/institutocompliance.com\/informante\/wp-json\/wp\/v2\/pages\/39\/revisions"}],"predecessor-version":[{"id":67,"href":"https:\/\/institutocompliance.com\/informante\/wp-json\/wp\/v2\/pages\/39\/revisions\/67"}],"wp:attachment":[{"href":"https:\/\/institutocompliance.com\/informante\/wp-json\/wp\/v2\/media?parent=39"}],"curies":[{"name":"wp","href":"https:\/\/api.w.org\/{rel}","templated":true}]}}