{"id":528,"date":"2025-04-23T09:46:17","date_gmt":"2025-04-23T09:46:17","guid":{"rendered":"https:\/\/institutocompliance.com\/informante\/?page_id=528"},"modified":"2025-04-24T08:10:59","modified_gmt":"2025-04-24T08:10:59","slug":"avep","status":"publish","type":"page","link":"https:\/\/institutocompliance.com\/informante\/avep\/","title":{"rendered":"AVEP"},"content":{"rendered":"\t\t<div data-elementor-type=\"wp-page\" data-elementor-id=\"528\" class=\"elementor elementor-528\">\n\t\t\t\t\t\t<section class=\"elementor-section elementor-top-section elementor-element elementor-element-c51d0c9 elementor-section-full_width elementor-section-stretched elementor-section-height-default elementor-section-height-default\" data-id=\"c51d0c9\" data-element_type=\"section\" data-e-type=\"section\" data-settings=\"{&quot;stretch_section&quot;:&quot;section-stretched&quot;}\">\n\t\t\t\t\t\t<div class=\"elementor-container elementor-column-gap-no\">\n\t\t\t\t\t<div class=\"elementor-column elementor-col-100 elementor-top-column elementor-element elementor-element-a5827cd\" data-id=\"a5827cd\" data-element_type=\"column\" data-e-type=\"column\">\n\t\t\t<div class=\"elementor-widget-wrap elementor-element-populated\">\n\t\t\t\t\t\t<div class=\"elementor-element elementor-element-8e0e9fd elementor-widget elementor-widget-image\" data-id=\"8e0e9fd\" data-element_type=\"widget\" data-e-type=\"widget\" data-widget_type=\"image.default\">\n\t\t\t\t<div class=\"elementor-widget-container\">\n\t\t\t\t\t\t\t\t\t\t\t\t\t\t\t<img fetchpriority=\"high\" decoding=\"async\" width=\"1920\" height=\"300\" src=\"https:\/\/institutocompliance.com\/informante\/wp-content\/uploads\/2023\/06\/cabecera-informante.jpg\" class=\"attachment-full size-full wp-image-189\" alt=\"\" srcset=\"https:\/\/institutocompliance.com\/informante\/wp-content\/uploads\/2023\/06\/cabecera-informante.jpg 1920w, https:\/\/institutocompliance.com\/informante\/wp-content\/uploads\/2023\/06\/cabecera-informante-300x47.jpg 300w, https:\/\/institutocompliance.com\/informante\/wp-content\/uploads\/2023\/06\/cabecera-informante-1024x160.jpg 1024w, https:\/\/institutocompliance.com\/informante\/wp-content\/uploads\/2023\/06\/cabecera-informante-768x120.jpg 768w, https:\/\/institutocompliance.com\/informante\/wp-content\/uploads\/2023\/06\/cabecera-informante-1536x240.jpg 1536w\" sizes=\"(max-width: 1920px) 100vw, 1920px\" \/>\t\t\t\t\t\t\t\t\t\t\t\t\t\t\t<\/div>\n\t\t\t\t<\/div>\n\t\t\t\t\t<\/div>\n\t\t<\/div>\n\t\t\t\t\t<\/div>\n\t\t<\/section>\n\t\t\t\t<section class=\"elementor-section elementor-top-section elementor-element elementor-element-835904c elementor-section-boxed elementor-section-height-default elementor-section-height-default\" data-id=\"835904c\" data-element_type=\"section\" data-e-type=\"section\">\n\t\t\t\t\t\t<div class=\"elementor-container elementor-column-gap-default\">\n\t\t\t\t\t<div class=\"elementor-column elementor-col-50 elementor-top-column elementor-element elementor-element-98d5ebb\" data-id=\"98d5ebb\" data-element_type=\"column\" data-e-type=\"column\">\n\t\t\t<div class=\"elementor-widget-wrap elementor-element-populated\">\n\t\t\t\t\t\t<div class=\"elementor-element elementor-element-6e836c5 elementor-widget elementor-widget-heading\" data-id=\"6e836c5\" data-element_type=\"widget\" data-e-type=\"widget\" data-widget_type=\"heading.default\">\n\t\t\t\t<div class=\"elementor-widget-container\">\n\t\t\t\t\t<h1 class=\"elementor-heading-title elementor-size-default\">CANAL DEL INFORMANTE DE AVEP<\/h1>\t\t\t\t<\/div>\n\t\t\t\t<\/div>\n\t\t\t\t\t<\/div>\n\t\t<\/div>\n\t\t\t\t<div class=\"elementor-column elementor-col-50 elementor-top-column elementor-element elementor-element-c319198\" data-id=\"c319198\" data-element_type=\"column\" data-e-type=\"column\">\n\t\t\t<div class=\"elementor-widget-wrap elementor-element-populated\">\n\t\t\t\t\t\t<div class=\"elementor-element elementor-element-9a730f7 elementor-widget elementor-widget-image\" data-id=\"9a730f7\" data-element_type=\"widget\" data-e-type=\"widget\" data-widget_type=\"image.default\">\n\t\t\t\t<div class=\"elementor-widget-container\">\n\t\t\t\t\t\t\t\t\t\t\t\t\t\t\t<img decoding=\"async\" width=\"1024\" height=\"787\" src=\"https:\/\/institutocompliance.com\/informante\/wp-content\/uploads\/2025\/04\/Logo-nuevo_AVEP-2024-1024x787.jpg\" class=\"attachment-large size-large wp-image-533\" alt=\"\" srcset=\"https:\/\/institutocompliance.com\/informante\/wp-content\/uploads\/2025\/04\/Logo-nuevo_AVEP-2024-1024x787.jpg 1024w, https:\/\/institutocompliance.com\/informante\/wp-content\/uploads\/2025\/04\/Logo-nuevo_AVEP-2024-300x231.jpg 300w, https:\/\/institutocompliance.com\/informante\/wp-content\/uploads\/2025\/04\/Logo-nuevo_AVEP-2024-768x590.jpg 768w, https:\/\/institutocompliance.com\/informante\/wp-content\/uploads\/2025\/04\/Logo-nuevo_AVEP-2024.jpg 1431w\" sizes=\"(max-width: 1024px) 100vw, 1024px\" \/>\t\t\t\t\t\t\t\t\t\t\t\t\t\t\t<\/div>\n\t\t\t\t<\/div>\n\t\t\t\t\t<\/div>\n\t\t<\/div>\n\t\t\t\t\t<\/div>\n\t\t<\/section>\n\t\t\t\t<section class=\"elementor-section elementor-top-section elementor-element elementor-element-9ecb1f4 elementor-section-boxed elementor-section-height-default elementor-section-height-default\" data-id=\"9ecb1f4\" data-element_type=\"section\" data-e-type=\"section\">\n\t\t\t\t\t\t<div class=\"elementor-container elementor-column-gap-default\">\n\t\t\t\t\t<div class=\"elementor-column elementor-col-100 elementor-top-column elementor-element elementor-element-67935c0\" data-id=\"67935c0\" data-element_type=\"column\" data-e-type=\"column\">\n\t\t\t<div class=\"elementor-widget-wrap elementor-element-populated\">\n\t\t\t\t\t\t<div class=\"elementor-element elementor-element-73af4af elementor-widget elementor-widget-spacer\" data-id=\"73af4af\" data-element_type=\"widget\" data-e-type=\"widget\" data-widget_type=\"spacer.default\">\n\t\t\t\t<div class=\"elementor-widget-container\">\n\t\t\t\t\t\t\t<div class=\"elementor-spacer\">\n\t\t\t<div class=\"elementor-spacer-inner\"><\/div>\n\t\t<\/div>\n\t\t\t\t\t\t<\/div>\n\t\t\t\t<\/div>\n\t\t\t\t<div class=\"elementor-element elementor-element-ac8b4ea elementor-widget elementor-widget-text-editor\" data-id=\"ac8b4ea\" data-element_type=\"widget\" data-e-type=\"widget\" data-widget_type=\"text-editor.default\">\n\t\t\t\t<div class=\"elementor-widget-container\">\n\t\t\t\t\t\t\t\t\t<p>El presente <strong>Canal del Informante<\/strong> se encuentra dentro del Sistema interno de Informaci\u00f3n de la <strong>Asociaci\u00f3n Valenciana de Empresas del Pl\u00e1stico<\/strong>, cumpliendo las exigencias de la Ley 2\/2023, de 20 de febrero, reguladora de la protecci\u00f3n de las personas que informen sobre infracciones normativas y de lucha contra la corrupci\u00f3n.<\/p><p>Este Canal es de gesti\u00f3n externa y la realiza el <a href=\"https:\/\/institutocompliance.com\/informante\/\"><span style=\"text-decoration: underline;\">Instituto Valenciano de Compliance (IVC)<\/span><\/a> respetando las garant\u00edas adecuadas que la Ley exige de: independencia, confidencialidad, protecci\u00f3n de datos y secreto de las comunicaciones.<\/p><p>As\u00ed pues, el <em>Canal del Informante<\/em> ser\u00e1 utilizado por cualquier persona para comunicar, de manera confidencial o an\u00f3nima, hechos o conductas irregulares en los que haya intervenido, directa o indirectamente, cualquier persona empleada, proveedor, colaborador, \u2026 y que sean o puedan ser constitutivas de incumplimientos legales, normativos o \u00e9ticos.<\/p><p>Las personas que utilicen este Canal deben tener indicios razonables o suficientes sobre la certeza de la informaci\u00f3n que comuniquen, no pudiendo formularse comunicaciones gen\u00e9ricas, de mala fe o con abuso de derecho. Se utilizar\u00e1 el Formulario de Comunicaci\u00f3n que se pone a disposici\u00f3n de la persona informante a trav\u00e9s de esta plataforma como el canal id\u00f3neo por su facilidad de comunicaci\u00f3n confidencial o an\u00f3nima y la posibilidad de adjuntar pruebas, documentos, fotograf\u00edas, \u2026<\/p><p>Seg\u00fan el protocolo del Sistema de Informaci\u00f3n, NO ser\u00e1n objeto de gesti\u00f3n por el IVC y ser\u00e1n declaradas inadmitidas las siguientes comunicaciones:<\/p><ul><li>Las comunicaciones \u201cnotoriamente falsas\u201d o \u201cmaliciosas\u201d.<\/li><li>Las comunicaciones que no identifiquen adecuadamente los hechos denunciados o las personas implicadas.<\/li><li>Aquellas comunicaciones que aporten hechos privados y que no entren dentro del \u00e1mbito de aplicaci\u00f3n de este Canal del Informante.<\/li><\/ul><p>Al aceptar estas Condiciones de Utilizaci\u00f3n, presto mi consentimiento para que la informaci\u00f3n facilitada sea tratada por el IVC para las acciones de gesti\u00f3n necesarias.<\/p><p>La persona informante tiene derecho a la protecci\u00f3n eficaz de su integridad laboral, sin represalias, ni discriminaci\u00f3n por raz\u00f3n de la comunicaci\u00f3n realizada, y a ser informada sobre el resultado de la investigaci\u00f3n y de las acciones tomadas al respecto.<\/p><p><a href=\"https:\/\/institutocompliance.com\/informante\/wp-content\/uploads\/2025\/04\/pNUM-7-2025-04-30-Protocolo-del-Canal-del-Informante-AVEP.pdf\">*AQU\u00cd, se puede encontrar el \u201cProtocolo del Canal del Informante de AVEP\u201d<\/a><\/p>\t\t\t\t\t\t\t\t<\/div>\n\t\t\t\t<\/div>\n\t\t\t\t<div class=\"elementor-element elementor-element-cf8a978 elementor-align-center elementor-widget elementor-widget-button\" data-id=\"cf8a978\" data-element_type=\"widget\" data-e-type=\"widget\" data-widget_type=\"button.default\">\n\t\t\t\t<div class=\"elementor-widget-container\">\n\t\t\t\t\t\t\t\t\t<div class=\"elementor-button-wrapper\">\n\t\t\t\t\t<a class=\"elementor-button elementor-button-link elementor-size-lg\" href=\"https:\/\/informante.institutocompliance.com\/#\/\">\n\t\t\t\t\t\t<span class=\"elementor-button-content-wrapper\">\n\t\t\t\t\t\t\t\t\t<span class=\"elementor-button-text\">ACCEDER AL CANAL<\/span>\n\t\t\t\t\t<\/span>\n\t\t\t\t\t<\/a>\n\t\t\t\t<\/div>\n\t\t\t\t\t\t\t\t<\/div>\n\t\t\t\t<\/div>\n\t\t\t\t\t<\/div>\n\t\t<\/div>\n\t\t\t\t\t<\/div>\n\t\t<\/section>\n\t\t\t\t<\/div>\n\t\t","protected":false},"excerpt":{"rendered":"<p>CANAL DEL INFORMANTE DE AVEP El presente Canal del Informante se encuentra dentro del Sistema interno de Informaci\u00f3n de la Asociaci\u00f3n Valenciana de Empresas del Pl\u00e1stico, cumpliendo las exigencias de la Ley 2\/2023, de 20 de febrero, reguladora de la protecci\u00f3n de las personas que informen sobre infracciones normativas y de lucha contra la corrupci\u00f3n. Este Canal es de gesti\u00f3n externa y la realiza el Instituto Valenciano de Compliance (IVC)<\/p>\n<div class=\"post-button\">\n\t\t\t\t   <a href=\"https:\/\/institutocompliance.com\/informante\/avep\/\">Read More<\/a>\n\t\t\t\t<\/div>\n","protected":false},"author":2,"featured_media":0,"parent":0,"menu_order":0,"comment_status":"closed","ping_status":"closed","template":"elementor_header_footer","meta":{"footnotes":""},"class_list":["post-528","page","type-page","status-publish","hentry"],"_links":{"self":[{"href":"https:\/\/institutocompliance.com\/informante\/wp-json\/wp\/v2\/pages\/528","targetHints":{"allow":["GET"]}}],"collection":[{"href":"https:\/\/institutocompliance.com\/informante\/wp-json\/wp\/v2\/pages"}],"about":[{"href":"https:\/\/institutocompliance.com\/informante\/wp-json\/wp\/v2\/types\/page"}],"author":[{"embeddable":true,"href":"https:\/\/institutocompliance.com\/informante\/wp-json\/wp\/v2\/users\/2"}],"replies":[{"embeddable":true,"href":"https:\/\/institutocompliance.com\/informante\/wp-json\/wp\/v2\/comments?post=528"}],"version-history":[{"count":15,"href":"https:\/\/institutocompliance.com\/informante\/wp-json\/wp\/v2\/pages\/528\/revisions"}],"predecessor-version":[{"id":547,"href":"https:\/\/institutocompliance.com\/informante\/wp-json\/wp\/v2\/pages\/528\/revisions\/547"}],"wp:attachment":[{"href":"https:\/\/institutocompliance.com\/informante\/wp-json\/wp\/v2\/media?parent=528"}],"curies":[{"name":"wp","href":"https:\/\/api.w.org\/{rel}","templated":true}]}}